{"id":2,"date":"2012-02-05T19:09:56","date_gmt":"2012-02-05T19:09:56","guid":{"rendered":"http:\/\/www.morong.info\/?page_id=2"},"modified":"2025-05-03T15:48:46","modified_gmt":"2025-05-03T14:48:46","slug":"sample-page","status":"publish","type":"page","link":"https:\/\/www.morong.info\/?page_id=2","title":{"rendered":"RJ45"},"content":{"rendered":"<p>Jak m\u00e1 b\u00fdt zapojen\u00fd konektor RJ45.<\/p>\n<p>(Standard 10BaseT\/100BaseTX pou\u017e\u00edv\u00e1 pro komunikaci pouze dva p\u00e1ry, p\u00e1r 2 (oran\u017eov\u00e1) a p\u00e1r 3 (zelen\u00e1) \u2013 dle T568B. Zb\u00fdvaj\u00edc\u00ed p\u00e1ry 1 (modr\u00e1) a p\u00e1r 4 (hn\u011bd\u00e1) nejsou ke komunikaci pou\u017eity. P\u00e1r 2 (oran\u017eov\u00e1) jsou piny 1-2 a p\u00e1r 3 (zelen\u00e1) jsou piny 3-6).<\/p>\n<p>&nbsp;<\/p>\n<p><img loading=\"lazy\" decoding=\"async\" class=\"alignnone size-full wp-image-276\" src=\"https:\/\/www.morong.info\/wp-content\/uploads\/2012\/02\/RJ45-zapojeni.jpg\" alt=\"\" width=\"971\" height=\"471\" srcset=\"https:\/\/www.morong.info\/wp-content\/uploads\/2012\/02\/RJ45-zapojeni.jpg 971w, https:\/\/www.morong.info\/wp-content\/uploads\/2012\/02\/RJ45-zapojeni-300x146.jpg 300w, https:\/\/www.morong.info\/wp-content\/uploads\/2012\/02\/RJ45-zapojeni-768x373.jpg 768w\" sizes=\"auto, (max-width: 971px) 100vw, 971px\" \/> <img loading=\"lazy\" decoding=\"async\" class=\"alignnone size-full wp-image-4\" src=\"https:\/\/www.morong.info\/wp-content\/uploads\/2012\/02\/zapojeni-rj45.jpg\" alt=\"\" width=\"769\" height=\"403\" srcset=\"https:\/\/www.morong.info\/wp-content\/uploads\/2012\/02\/zapojeni-rj45.jpg 769w, https:\/\/www.morong.info\/wp-content\/uploads\/2012\/02\/zapojeni-rj45-300x157.jpg 300w\" sizes=\"auto, (max-width: 769px) 100vw, 769px\" \/><\/p>\n\n\n<p><\/p>\n","protected":false},"excerpt":{"rendered":"<p>Jak m\u00e1 b\u00fdt zapojen\u00fd konektor RJ45. (Standard 10BaseT\/100BaseTX pou\u017e\u00edv\u00e1 pro komunikaci pouze dva p\u00e1ry, p\u00e1r 2 (oran\u017eov\u00e1) a p\u00e1r 3 (zelen\u00e1) \u2013 dle T568B. Zb\u00fdvaj\u00edc\u00ed p\u00e1ry 1 (modr\u00e1) a p\u00e1r 4 (hn\u011bd\u00e1) nejsou ke komunikaci pou\u017eity. P\u00e1r 2 (oran\u017eov\u00e1) jsou &hellip; <a href=\"https:\/\/www.morong.info\/?page_id=2\">Cel\u00fd p\u0159\u00edsp\u011bvek <span class=\"meta-nav\">&rarr;<\/span><\/a><\/p>\n","protected":false},"author":1,"featured_media":0,"parent":0,"menu_order":0,"comment_status":"closed","ping_status":"closed","template":"","meta":{"footnotes":""},"class_list":["post-2","page","type-page","status-publish","hentry"],"_links":{"self":[{"href":"https:\/\/www.morong.info\/index.php?rest_route=\/wp\/v2\/pages\/2","targetHints":{"allow":["GET"]}}],"collection":[{"href":"https:\/\/www.morong.info\/index.php?rest_route=\/wp\/v2\/pages"}],"about":[{"href":"https:\/\/www.morong.info\/index.php?rest_route=\/wp\/v2\/types\/page"}],"author":[{"embeddable":true,"href":"https:\/\/www.morong.info\/index.php?rest_route=\/wp\/v2\/users\/1"}],"replies":[{"embeddable":true,"href":"https:\/\/www.morong.info\/index.php?rest_route=%2Fwp%2Fv2%2Fcomments&post=2"}],"version-history":[{"count":11,"href":"https:\/\/www.morong.info\/index.php?rest_route=\/wp\/v2\/pages\/2\/revisions"}],"predecessor-version":[{"id":529,"href":"https:\/\/www.morong.info\/index.php?rest_route=\/wp\/v2\/pages\/2\/revisions\/529"}],"wp:attachment":[{"href":"https:\/\/www.morong.info\/index.php?rest_route=%2Fwp%2Fv2%2Fmedia&parent=2"}],"curies":[{"name":"wp","href":"https:\/\/api.w.org\/{rel}","templated":true}]}}